{"id":286,"date":"2024-01-30T12:54:12","date_gmt":"2024-01-30T12:54:12","guid":{"rendered":"https:\/\/certificationsforsustainability.projects.unibz.it\/?page_id=286"},"modified":"2024-01-30T13:13:44","modified_gmt":"2024-01-30T13:13:44","slug":"workshop-14-12-2023-downloads","status":"publish","type":"page","link":"https:\/\/certificationsforsustainability.projects.unibz.it\/?page_id=286","title":{"rendered":"Workshop 14.12.2023 downloads"},"content":{"rendered":"\n<h2 class=\"wp-block-heading has-text-align-center has-large-font-size\"><strong>Workshop 14.12.2023<\/strong><\/h2>\n\n\n\n<div style=\"height:57px\" aria-hidden=\"true\" class=\"wp-block-spacer\"><\/div>\n\n\n\n<h1 class=\"wp-block-heading has-text-align-center has-large-font-size\"><strong>Incontro con le imprese. L&#8217;introduzione di pratiche di sotenibilit\u00e0 nella strategia delle imprese in Alto Adige.<\/strong><\/h1>\n\n\n\n<div style=\"height:39px\" aria-hidden=\"true\" class=\"wp-block-spacer\"><\/div>\n\n\n<div class=\"wp-block-image\">\n<figure class=\"aligncenter size-full is-resized\"><img fetchpriority=\"high\" decoding=\"async\" width=\"936\" height=\"934\" src=\"https:\/\/certificationsforsustainability.projects.unibz.it\/wp-content\/uploads\/2024\/01\/2023-12-14_icontro-Imprese_v3_Banner-Eventi-scaled-e1706611948668.jpg\" alt=\"logo of thr workshop\" class=\"wp-image-281\" style=\"width:647px;height:661px\" srcset=\"https:\/\/certificationsforsustainability.projects.unibz.it\/wp-content\/uploads\/2024\/01\/2023-12-14_icontro-Imprese_v3_Banner-Eventi-scaled-e1706611948668.jpg 936w, https:\/\/certificationsforsustainability.projects.unibz.it\/wp-content\/uploads\/2024\/01\/2023-12-14_icontro-Imprese_v3_Banner-Eventi-scaled-e1706611948668-300x300.jpg 300w, https:\/\/certificationsforsustainability.projects.unibz.it\/wp-content\/uploads\/2024\/01\/2023-12-14_icontro-Imprese_v3_Banner-Eventi-scaled-e1706611948668-150x150.jpg 150w, https:\/\/certificationsforsustainability.projects.unibz.it\/wp-content\/uploads\/2024\/01\/2023-12-14_icontro-Imprese_v3_Banner-Eventi-scaled-e1706611948668-768x766.jpg 768w\" sizes=\"(max-width: 936px) 100vw, 936px\" \/><\/figure>\n<\/div>\n\n\n<h2 class=\"wp-block-heading has-text-align-center has-x-large-font-size\">Interventi<\/h2>\n\n\n\n<p class=\"has-text-align-center\">Fai click sui titoli per scaricare le presentazioni disponibili.<\/p>\n\n\n\n<div style=\"height:131px\" aria-hidden=\"true\" class=\"wp-block-spacer\"><\/div>\n\n\n\n<div class=\"wp-block-columns are-vertically-aligned-top is-layout-flex wp-container-core-columns-is-layout-9d6595d7 wp-block-columns-is-layout-flex\">\n<div class=\"wp-block-column is-vertically-aligned-top is-layout-flow wp-block-column-is-layout-flow\">\n<h2 class=\"wp-block-heading has-text-align-center has-large-font-size\"><strong>Introduzione<\/strong><\/h2>\n\n\n\n<div style=\"height:30px\" aria-hidden=\"true\" class=\"wp-block-spacer\"><\/div>\n\n\n\n<h2 class=\"wp-block-heading\"><strong><a href=\"https:\/\/certificationsforsustainability.projects.unibz.it\/wp-content\/uploads\/2024\/01\/Slides-Valle-Sostenibilita\u0300-Obbligo-14.1224.pdf\" target=\"_blank\" rel=\"noreferrer noopener\">Il Quadro normativo in via di formazione: essere sostenibili \u00e8 un obbligo?<\/a><\/strong><\/h2>\n\n\n\n<p>L. Valle, Professore associato di Diritto privato, Libera Universit\u00e0 di Bolzano<\/p>\n\n\n\n<div style=\"height:21px\" aria-hidden=\"true\" class=\"wp-block-spacer\"><\/div>\n\n\n\n<h2 class=\"wp-block-heading\"><strong>Il ruolo della certificazione BCorp in tempi di incertezza<\/strong><\/h2>\n\n\n\n<p>G. Orzes, Prof. associato di Ingegneria Economico-Gestionale, Libera Universit\u00e0 di Bolzano e M. Podrecca, Assegnista di ricerca, Facolt\u00e0 di Ingegneria, Libera Universit\u00e0 di Bolzano<\/p>\n\n\n\n<div style=\"height:21px\" aria-hidden=\"true\" class=\"wp-block-spacer\"><\/div>\n\n\n\n<h2 class=\"wp-block-heading\"><strong>Standard ESG e modello benefit come catalizzatori per la crescita delle imprese familiari<\/strong><\/h2>\n\n\n\n<p>M. Mismetti, Assegnista di ricerca, Centre for Family Business Management, Libera Universit\u00e0 di Bolzano<\/p>\n\n\n\n<div style=\"height:21px\" aria-hidden=\"true\" class=\"wp-block-spacer\"><\/div>\n\n\n\n<h2 class=\"wp-block-heading has-large-font-size\"><strong>Presentazioni dei Partners di Progetto<\/strong><\/h2>\n\n\n\n<h2 class=\"wp-block-heading\"><strong>Camera di commercio di Bolzano. Iniziative della Camera di commercio per la sostenibilit\u00e0 delle imprese.<\/strong><\/h2>\n\n\n\n<p><strong>Ulrike Nicolussi-Leck, Marianne Widmann, Greta Sofia Lampis, Cassa Centrale Raiffeisen dell\u2019Alto Adige S.p.A<\/strong><\/p>\n\n\n\n<div style=\"height:21px\" aria-hidden=\"true\" class=\"wp-block-spacer\"><\/div>\n\n\n\n<h2 class=\"wp-block-heading\"><strong>Le Societ\u00e0 benefit e la certificazione B-Corp: i KPI e il reporting<\/strong><\/h2>\n\n\n\n<p><strong>dott. Luca Filippi, Vicesegretario Generale della Camera di commercio di Bolzano<\/strong><\/p>\n\n\n\n<div style=\"height:21px\" aria-hidden=\"true\" class=\"wp-block-spacer\"><\/div>\n\n\n\n<h2 class=\"wp-block-heading\"><strong>Cassa Centrale Raiffeisen dell\u2019Alto Adige S.p.A Sostenibilit\u00e0: come cambia il rapporto tra banca e imprese. Esperienze operative.<\/strong><\/h2>\n\n\n\n<p>dott.ssa mag. Ulrike Nicolussi-Leck, Responsabile Legale, Governance &amp; ESG Management, dott.ssa mag. Marianne Widmann<\/p>\n\n\n\n<div style=\"height:21px\" aria-hidden=\"true\" class=\"wp-block-spacer\"><\/div>\n\n\n\n<h2 class=\"wp-block-heading\"><strong>Certificazioni e sostenibilit\u00e0: l\u2019approccio integrato per la gestione della compliance<\/strong><\/h2>\n\n\n\n<p><strong>Mara Chilosi, avv. Studio legale Chilos<\/strong>i<strong> e Martelli<\/strong><\/p>\n\n\n\n<div style=\"height:43px\" aria-hidden=\"true\" class=\"wp-block-spacer\"><\/div>\n\n\n\n<p><\/p>\n\n\n\n<h2 class=\"wp-block-heading has-text-align-center has-large-font-size\"><strong>Presentazioni delle imprese<\/strong><\/h2>\n\n\n\n<div style=\"height:21px\" aria-hidden=\"true\" class=\"wp-block-spacer\"><\/div>\n\n\n\n<h2 class=\"wp-block-heading\"><strong>A. Loacker Spa<\/strong><\/h2>\n\n\n\n<p>dott. Christian Moser, Head of Integrated Mangement System<\/p>\n\n\n\n<div style=\"height:21px\" aria-hidden=\"true\" class=\"wp-block-spacer\"><\/div>\n\n\n\n<h2 class=\"wp-block-heading\"><strong>Eurotherm S.p.A. Societ\u00e0 Benefit<\/strong><\/h2>\n\n\n\n<p>dott. Annalisa Patelli \u2013 Sustainability B-Leader<\/p>\n\n\n\n<div style=\"height:21px\" aria-hidden=\"true\" class=\"wp-block-spacer\"><\/div>\n\n\n\n<h2 class=\"wp-block-heading\"><strong>Enetec S.p.A Societ\u00e0 Benefit<\/strong><\/h2>\n\n\n\n<p>Arch. M.SC. Maria Giulia Faiella \u2013 Environmental Impact Manager<\/p>\n\n\n\n<div style=\"height:21px\" aria-hidden=\"true\" class=\"wp-block-spacer\"><\/div>\n\n\n\n<h2 class=\"wp-block-heading\"><strong><a href=\"https:\/\/certificationsforsustainability.projects.unibz.it\/wp-content\/uploads\/2024\/01\/2023-VEIL-ENERGY-Sustainability51.pdf\" target=\"_blank\" rel=\"noreferrer noopener\">Veil Energy B-Corp<\/a><\/strong><\/h2>\n\n\n\n<p>ing. Marianna Benetti, Co-Founder e CEO<\/p>\n\n\n\n<div style=\"height:21px\" aria-hidden=\"true\" class=\"wp-block-spacer\"><\/div>\n\n\n\n<h2 class=\"wp-block-heading\"><strong>Raiffeisen Servizi Assicurativi Srl SB<\/strong><\/h2>\n\n\n\n<p>dott. Irene Hofer, Sustainability Officer<\/p>\n\n\n\n<div style=\"height:21px\" aria-hidden=\"true\" class=\"wp-block-spacer\"><\/div>\n\n\n\n<h2 class=\"wp-block-heading\"><strong>Niederst\u00e4tter Spa<\/strong><\/h2>\n\n\n\n<p>dott. Manuel Niederst\u00e4tter, Amministratore Delegato<\/p>\n<\/div>\n<\/div>\n\n\n\n<div style=\"height:307px\" aria-hidden=\"true\" class=\"wp-block-spacer\"><\/div>\n\n\n\n<p><\/p>\n\n\n\n<p><\/p>\n","protected":false},"excerpt":{"rendered":"<p>Workshop 14.12.2023 Incontro con le imprese. L&#8217;introduzione di pratiche di sotenibilit\u00e0 nella strategia delle imprese in Alto Adige. Interventi Fai click sui titoli per scaricare le presentazioni disponibili. Introduzione Il Quadro normativo in via di formazione: essere sostenibili \u00e8 un obbligo? L. Valle, Professore associato di Diritto privato, Libera Universit\u00e0 di Bolzano Il ruolo della certificazione BCorp in tempi di incertezza G. Orzes, Prof. associato di Ingegneria Economico-Gestionale, Libera Universit\u00e0 di Bolzano e M. Podrecca, Assegnista di ricerca, Facolt\u00e0 di Ingegneria, Libera Universit\u00e0 di Bolzano Standard ESG e modello benefit come catalizzatori per la crescita delle imprese familiari M. Mismetti, [&hellip;]<\/p>\n","protected":false},"author":7,"featured_media":0,"parent":0,"menu_order":0,"comment_status":"closed","ping_status":"closed","template":"","meta":{"footnotes":""},"class_list":["post-286","page","type-page","status-publish","hentry"],"yoast_head":"<!-- This site is optimized with the Yoast SEO plugin v25.5 - https:\/\/yoast.com\/wordpress\/plugins\/seo\/ -->\n<title>Workshop 14.12.2023 downloads - certificationsforsustainability<\/title>\n<meta name=\"robots\" content=\"index, follow, max-snippet:-1, max-image-preview:large, max-video-preview:-1\" \/>\n<link rel=\"canonical\" href=\"https:\/\/certificationsforsustainability.projects.unibz.it\/?page_id=286\" \/>\n<meta property=\"og:locale\" content=\"en_US\" \/>\n<meta property=\"og:type\" content=\"article\" \/>\n<meta property=\"og:title\" content=\"Workshop 14.12.2023 downloads - certificationsforsustainability\" \/>\n<meta property=\"og:description\" content=\"Workshop 14.12.2023 Incontro con le imprese. L&#8217;introduzione di pratiche di sotenibilit\u00e0 nella strategia delle imprese in Alto Adige. Interventi Fai click sui titoli per scaricare le presentazioni disponibili. Introduzione Il Quadro normativo in via di formazione: essere sostenibili \u00e8 un obbligo? L. Valle, Professore associato di Diritto privato, Libera Universit\u00e0 di Bolzano Il ruolo della certificazione BCorp in tempi di incertezza G. Orzes, Prof. associato di Ingegneria Economico-Gestionale, Libera Universit\u00e0 di Bolzano e M. Podrecca, Assegnista di ricerca, Facolt\u00e0 di Ingegneria, Libera Universit\u00e0 di Bolzano Standard ESG e modello benefit come catalizzatori per la crescita delle imprese familiari M. Mismetti, [&hellip;]\" \/>\n<meta property=\"og:url\" content=\"https:\/\/certificationsforsustainability.projects.unibz.it\/?page_id=286\" \/>\n<meta property=\"og:site_name\" content=\"certificationsforsustainability\" \/>\n<meta property=\"article:modified_time\" content=\"2024-01-30T13:13:44+00:00\" \/>\n<meta property=\"og:image\" content=\"https:\/\/certificationsforsustainability.projects.unibz.it\/wp-content\/uploads\/2024\/01\/2023-12-14_icontro-Imprese_v3_Banner-Eventi-scaled-e1706611948668.jpg\" \/>\n<meta name=\"twitter:card\" content=\"summary_large_image\" \/>\n<meta name=\"twitter:label1\" content=\"Est. reading time\" \/>\n\t<meta name=\"twitter:data1\" content=\"2 minutes\" \/>\n<script type=\"application\/ld+json\" class=\"yoast-schema-graph\">{\"@context\":\"https:\/\/schema.org\",\"@graph\":[{\"@type\":\"WebPage\",\"@id\":\"https:\/\/certificationsforsustainability.projects.unibz.it\/?page_id=286\",\"url\":\"https:\/\/certificationsforsustainability.projects.unibz.it\/?page_id=286\",\"name\":\"Workshop 14.12.2023 downloads - certificationsforsustainability\",\"isPartOf\":{\"@id\":\"https:\/\/certificationsforsustainability.projects.unibz.it\/#website\"},\"primaryImageOfPage\":{\"@id\":\"https:\/\/certificationsforsustainability.projects.unibz.it\/?page_id=286#primaryimage\"},\"image\":{\"@id\":\"https:\/\/certificationsforsustainability.projects.unibz.it\/?page_id=286#primaryimage\"},\"thumbnailUrl\":\"https:\/\/certificationsforsustainability.projects.unibz.it\/wp-content\/uploads\/2024\/01\/2023-12-14_icontro-Imprese_v3_Banner-Eventi-scaled-e1706611948668.jpg\",\"datePublished\":\"2024-01-30T12:54:12+00:00\",\"dateModified\":\"2024-01-30T13:13:44+00:00\",\"breadcrumb\":{\"@id\":\"https:\/\/certificationsforsustainability.projects.unibz.it\/?page_id=286#breadcrumb\"},\"inLanguage\":\"en-US\",\"potentialAction\":[{\"@type\":\"ReadAction\",\"target\":[\"https:\/\/certificationsforsustainability.projects.unibz.it\/?page_id=286\"]}]},{\"@type\":\"ImageObject\",\"inLanguage\":\"en-US\",\"@id\":\"https:\/\/certificationsforsustainability.projects.unibz.it\/?page_id=286#primaryimage\",\"url\":\"https:\/\/certificationsforsustainability.projects.unibz.it\/wp-content\/uploads\/2024\/01\/2023-12-14_icontro-Imprese_v3_Banner-Eventi-scaled-e1706611948668.jpg\",\"contentUrl\":\"https:\/\/certificationsforsustainability.projects.unibz.it\/wp-content\/uploads\/2024\/01\/2023-12-14_icontro-Imprese_v3_Banner-Eventi-scaled-e1706611948668.jpg\",\"width\":936,\"height\":934,\"caption\":\"logo of thr workshop\"},{\"@type\":\"BreadcrumbList\",\"@id\":\"https:\/\/certificationsforsustainability.projects.unibz.it\/?page_id=286#breadcrumb\",\"itemListElement\":[{\"@type\":\"ListItem\",\"position\":1,\"name\":\"Home\",\"item\":\"https:\/\/certificationsforsustainability.projects.unibz.it\/\"},{\"@type\":\"ListItem\",\"position\":2,\"name\":\"Workshop 14.12.2023 downloads\"}]},{\"@type\":\"WebSite\",\"@id\":\"https:\/\/certificationsforsustainability.projects.unibz.it\/#website\",\"url\":\"https:\/\/certificationsforsustainability.projects.unibz.it\/\",\"name\":\"certificationsforsustainability\",\"description\":\"Just another WordPress site\",\"publisher\":{\"@id\":\"https:\/\/certificationsforsustainability.projects.unibz.it\/#organization\"},\"potentialAction\":[{\"@type\":\"SearchAction\",\"target\":{\"@type\":\"EntryPoint\",\"urlTemplate\":\"https:\/\/certificationsforsustainability.projects.unibz.it\/?s={search_term_string}\"},\"query-input\":{\"@type\":\"PropertyValueSpecification\",\"valueRequired\":true,\"valueName\":\"search_term_string\"}}],\"inLanguage\":\"en-US\"},{\"@type\":\"Organization\",\"@id\":\"https:\/\/certificationsforsustainability.projects.unibz.it\/#organization\",\"name\":\"certificationsforsustainability\",\"url\":\"https:\/\/certificationsforsustainability.projects.unibz.it\/\",\"logo\":{\"@type\":\"ImageObject\",\"inLanguage\":\"en-US\",\"@id\":\"https:\/\/certificationsforsustainability.projects.unibz.it\/#\/schema\/logo\/image\/\",\"url\":\"https:\/\/certificationsforsustainability.projects.unibz.it\/wp-content\/uploads\/2024\/01\/logo_sustoctoechert.png\",\"contentUrl\":\"https:\/\/certificationsforsustainability.projects.unibz.it\/wp-content\/uploads\/2024\/01\/logo_sustoctoechert.png\",\"width\":500,\"height\":500,\"caption\":\"certificationsforsustainability\"},\"image\":{\"@id\":\"https:\/\/certificationsforsustainability.projects.unibz.it\/#\/schema\/logo\/image\/\"}}]}<\/script>\n<!-- \/ Yoast SEO plugin. -->","yoast_head_json":{"title":"Workshop 14.12.2023 downloads - certificationsforsustainability","robots":{"index":"index","follow":"follow","max-snippet":"max-snippet:-1","max-image-preview":"max-image-preview:large","max-video-preview":"max-video-preview:-1"},"canonical":"https:\/\/certificationsforsustainability.projects.unibz.it\/?page_id=286","og_locale":"en_US","og_type":"article","og_title":"Workshop 14.12.2023 downloads - certificationsforsustainability","og_description":"Workshop 14.12.2023 Incontro con le imprese. L&#8217;introduzione di pratiche di sotenibilit\u00e0 nella strategia delle imprese in Alto Adige. Interventi Fai click sui titoli per scaricare le presentazioni disponibili. Introduzione Il Quadro normativo in via di formazione: essere sostenibili \u00e8 un obbligo? L. Valle, Professore associato di Diritto privato, Libera Universit\u00e0 di Bolzano Il ruolo della certificazione BCorp in tempi di incertezza G. Orzes, Prof. associato di Ingegneria Economico-Gestionale, Libera Universit\u00e0 di Bolzano e M. Podrecca, Assegnista di ricerca, Facolt\u00e0 di Ingegneria, Libera Universit\u00e0 di Bolzano Standard ESG e modello benefit come catalizzatori per la crescita delle imprese familiari M. Mismetti, [&hellip;]","og_url":"https:\/\/certificationsforsustainability.projects.unibz.it\/?page_id=286","og_site_name":"certificationsforsustainability","article_modified_time":"2024-01-30T13:13:44+00:00","og_image":[{"url":"https:\/\/certificationsforsustainability.projects.unibz.it\/wp-content\/uploads\/2024\/01\/2023-12-14_icontro-Imprese_v3_Banner-Eventi-scaled-e1706611948668.jpg","type":"","width":"","height":""}],"twitter_card":"summary_large_image","twitter_misc":{"Est. reading time":"2 minutes"},"schema":{"@context":"https:\/\/schema.org","@graph":[{"@type":"WebPage","@id":"https:\/\/certificationsforsustainability.projects.unibz.it\/?page_id=286","url":"https:\/\/certificationsforsustainability.projects.unibz.it\/?page_id=286","name":"Workshop 14.12.2023 downloads - certificationsforsustainability","isPartOf":{"@id":"https:\/\/certificationsforsustainability.projects.unibz.it\/#website"},"primaryImageOfPage":{"@id":"https:\/\/certificationsforsustainability.projects.unibz.it\/?page_id=286#primaryimage"},"image":{"@id":"https:\/\/certificationsforsustainability.projects.unibz.it\/?page_id=286#primaryimage"},"thumbnailUrl":"https:\/\/certificationsforsustainability.projects.unibz.it\/wp-content\/uploads\/2024\/01\/2023-12-14_icontro-Imprese_v3_Banner-Eventi-scaled-e1706611948668.jpg","datePublished":"2024-01-30T12:54:12+00:00","dateModified":"2024-01-30T13:13:44+00:00","breadcrumb":{"@id":"https:\/\/certificationsforsustainability.projects.unibz.it\/?page_id=286#breadcrumb"},"inLanguage":"en-US","potentialAction":[{"@type":"ReadAction","target":["https:\/\/certificationsforsustainability.projects.unibz.it\/?page_id=286"]}]},{"@type":"ImageObject","inLanguage":"en-US","@id":"https:\/\/certificationsforsustainability.projects.unibz.it\/?page_id=286#primaryimage","url":"https:\/\/certificationsforsustainability.projects.unibz.it\/wp-content\/uploads\/2024\/01\/2023-12-14_icontro-Imprese_v3_Banner-Eventi-scaled-e1706611948668.jpg","contentUrl":"https:\/\/certificationsforsustainability.projects.unibz.it\/wp-content\/uploads\/2024\/01\/2023-12-14_icontro-Imprese_v3_Banner-Eventi-scaled-e1706611948668.jpg","width":936,"height":934,"caption":"logo of thr workshop"},{"@type":"BreadcrumbList","@id":"https:\/\/certificationsforsustainability.projects.unibz.it\/?page_id=286#breadcrumb","itemListElement":[{"@type":"ListItem","position":1,"name":"Home","item":"https:\/\/certificationsforsustainability.projects.unibz.it\/"},{"@type":"ListItem","position":2,"name":"Workshop 14.12.2023 downloads"}]},{"@type":"WebSite","@id":"https:\/\/certificationsforsustainability.projects.unibz.it\/#website","url":"https:\/\/certificationsforsustainability.projects.unibz.it\/","name":"certificationsforsustainability","description":"Just another WordPress site","publisher":{"@id":"https:\/\/certificationsforsustainability.projects.unibz.it\/#organization"},"potentialAction":[{"@type":"SearchAction","target":{"@type":"EntryPoint","urlTemplate":"https:\/\/certificationsforsustainability.projects.unibz.it\/?s={search_term_string}"},"query-input":{"@type":"PropertyValueSpecification","valueRequired":true,"valueName":"search_term_string"}}],"inLanguage":"en-US"},{"@type":"Organization","@id":"https:\/\/certificationsforsustainability.projects.unibz.it\/#organization","name":"certificationsforsustainability","url":"https:\/\/certificationsforsustainability.projects.unibz.it\/","logo":{"@type":"ImageObject","inLanguage":"en-US","@id":"https:\/\/certificationsforsustainability.projects.unibz.it\/#\/schema\/logo\/image\/","url":"https:\/\/certificationsforsustainability.projects.unibz.it\/wp-content\/uploads\/2024\/01\/logo_sustoctoechert.png","contentUrl":"https:\/\/certificationsforsustainability.projects.unibz.it\/wp-content\/uploads\/2024\/01\/logo_sustoctoechert.png","width":500,"height":500,"caption":"certificationsforsustainability"},"image":{"@id":"https:\/\/certificationsforsustainability.projects.unibz.it\/#\/schema\/logo\/image\/"}}]}},"_links":{"self":[{"href":"https:\/\/certificationsforsustainability.projects.unibz.it\/index.php?rest_route=\/wp\/v2\/pages\/286","targetHints":{"allow":["GET"]}}],"collection":[{"href":"https:\/\/certificationsforsustainability.projects.unibz.it\/index.php?rest_route=\/wp\/v2\/pages"}],"about":[{"href":"https:\/\/certificationsforsustainability.projects.unibz.it\/index.php?rest_route=\/wp\/v2\/types\/page"}],"author":[{"embeddable":true,"href":"https:\/\/certificationsforsustainability.projects.unibz.it\/index.php?rest_route=\/wp\/v2\/users\/7"}],"replies":[{"embeddable":true,"href":"https:\/\/certificationsforsustainability.projects.unibz.it\/index.php?rest_route=%2Fwp%2Fv2%2Fcomments&post=286"}],"version-history":[{"count":20,"href":"https:\/\/certificationsforsustainability.projects.unibz.it\/index.php?rest_route=\/wp\/v2\/pages\/286\/revisions"}],"predecessor-version":[{"id":316,"href":"https:\/\/certificationsforsustainability.projects.unibz.it\/index.php?rest_route=\/wp\/v2\/pages\/286\/revisions\/316"}],"wp:attachment":[{"href":"https:\/\/certificationsforsustainability.projects.unibz.it\/index.php?rest_route=%2Fwp%2Fv2%2Fmedia&parent=286"}],"curies":[{"name":"wp","href":"https:\/\/api.w.org\/{rel}","templated":true}]}}